{"id":521,"date":"2019-05-22T20:01:15","date_gmt":"2019-05-22T20:01:15","guid":{"rendered":"https:\/\/vanguardluxuryrentals.com\/extra-services-available\/"},"modified":"2020-10-13T12:40:03","modified_gmt":"2020-10-13T16:40:03","slug":"services-complementaires","status":"publish","type":"page","link":"https:\/\/vanguardluxuryrentals.com\/fr\/services-complementaires\/","title":{"rendered":"Services compl\u00e9mentaires"},"content":{"rendered":"<p><div class=\"fusion-fullwidth fullwidth-box fusion-builder-row-1 nonhundred-percent-fullwidth non-hundred-percent-height-scrolling fusion-equal-height-columns\" style=\"--awb-border-radius-top-left:0px;--awb-border-radius-top-right:0px;--awb-border-radius-bottom-right:0px;--awb-border-radius-bottom-left:0px;--awb-margin-bottom:50px;--awb-flex-wrap:wrap;\" ><div class=\"fusion-builder-row fusion-row\"><div class=\"fusion-layout-column fusion_builder_column fusion-builder-column-0 fusion_builder_column_1_2 1_2 fusion-one-half fusion-column-first\" style=\"--awb-bg-size:cover;width:50%;width:calc(50% - ( ( 4% ) * 0.5 ) );margin-right: 4%;\"><div class=\"fusion-column-wrapper fusion-column-has-shadow fusion-flex-column-wrapper-legacy\"><div class=\"fusion-image-element in-legacy-container\" style=\"--awb-caption-title-font-family:var(--h2_typography-font-family);--awb-caption-title-font-weight:var(--h2_typography-font-weight);--awb-caption-title-font-style:var(--h2_typography-font-style);--awb-caption-title-size:var(--h2_typography-font-size);--awb-caption-title-transform:var(--h2_typography-text-transform);--awb-caption-title-line-height:var(--h2_typography-line-height);--awb-caption-title-letter-spacing:var(--h2_typography-letter-spacing);\"><span class=\" fusion-imageframe imageframe-none imageframe-1 hover-type-none\"><img decoding=\"async\" width=\"1021\" height=\"680\" alt=\"extraservice 4\" title=\"extraservice 4\" src=\"http:\/\/vanguardluxuryrentals.com\/wp-content\/uploads\/2019\/05\/extraservice_4.jpeg\" class=\"img-responsive wp-image-1621\" srcset=\"https:\/\/vanguardluxuryrentals.com\/wp-content\/uploads\/2019\/05\/extraservice_4-200x133.jpeg 200w, https:\/\/vanguardluxuryrentals.com\/wp-content\/uploads\/2019\/05\/extraservice_4-400x266.jpeg 400w, https:\/\/vanguardluxuryrentals.com\/wp-content\/uploads\/2019\/05\/extraservice_4-600x400.jpeg 600w, https:\/\/vanguardluxuryrentals.com\/wp-content\/uploads\/2019\/05\/extraservice_4-800x533.jpeg 800w, https:\/\/vanguardluxuryrentals.com\/wp-content\/uploads\/2019\/05\/extraservice_4.jpeg 1021w\" sizes=\"(max-width: 1024px) 100vw, 600px\" \/><\/span><\/div><div class=\"fusion-clearfix\"><\/div><\/div><\/div><div class=\"fusion-layout-column fusion_builder_column fusion-builder-column-1 fusion_builder_column_1_2 1_2 fusion-one-half fusion-column-last\" style=\"--awb-bg-size:cover;width:50%;width:calc(50% - ( ( 4% ) * 0.5 ) );\"><div class=\"fusion-column-wrapper fusion-column-has-shadow fusion-flex-column-wrapper-legacy\"><div class=\"fusion-column-content-centered\"><div class=\"fusion-column-content\"><div class=\"fusion-title title fusion-title-1 fusion-sep-none fusion-title-text fusion-title-size-two\" style=\"--awb-text-color:#ca9428;--awb-margin-bottom:30px;--awb-font-size:35px;\"><h2 class=\"fusion-title-heading title-heading-left fusion-responsive-typography-calculated\" style=\"margin:0;font-size:1em;--fontSize:35;line-height:1.5;\">Si\u00e8ges d\u2019enfants<\/h2><\/div><div class=\"fusion-text fusion-text-1\"><div><span style=\"color: #ffffff;\">Chez Vanguard, m\u00eame les tout-petits seront en mesure de vivre l\u2019exp\u00e9rience palpitante que vous vivrez avec l\u2019une de nos luxueuse voitures. Nous offrons les si\u00e8ges d\u2019enfants gratuitement avec toute location! Assujettis \u00e0 la disponibilit\u00e9.<br \/>\n<\/span><\/div>\n<\/div><\/div><\/div><div class=\"fusion-clearfix\"><\/div><\/div><\/div><\/div><\/div><div class=\"fusion-fullwidth fullwidth-box fusion-builder-row-2 nonhundred-percent-fullwidth non-hundred-percent-height-scrolling fusion-equal-height-columns\" style=\"--awb-border-radius-top-left:0px;--awb-border-radius-top-right:0px;--awb-border-radius-bottom-right:0px;--awb-border-radius-bottom-left:0px;--awb-margin-bottom:50px;--awb-flex-wrap:wrap;\" ><div class=\"fusion-builder-row fusion-row\"><div class=\"fusion-layout-column fusion_builder_column fusion-builder-column-2 fusion_builder_column_1_2 1_2 fusion-one-half fusion-column-first\" style=\"--awb-bg-size:cover;width:50%;width:calc(50% - ( ( 4% ) * 0.5 ) );margin-right: 4%;\"><div class=\"fusion-column-wrapper fusion-column-has-shadow fusion-flex-column-wrapper-legacy\"><div class=\"fusion-image-element in-legacy-container\" style=\"--awb-caption-title-font-family:var(--h2_typography-font-family);--awb-caption-title-font-weight:var(--h2_typography-font-weight);--awb-caption-title-font-style:var(--h2_typography-font-style);--awb-caption-title-size:var(--h2_typography-font-size);--awb-caption-title-transform:var(--h2_typography-text-transform);--awb-caption-title-line-height:var(--h2_typography-line-height);--awb-caption-title-letter-spacing:var(--h2_typography-letter-spacing);\"><span class=\" fusion-imageframe imageframe-none imageframe-2 hover-type-none\"><img decoding=\"async\" width=\"1162\" height=\"774\" alt=\"extraservice 1\" title=\"extraservice 1\" src=\"http:\/\/vanguardluxuryrentals.com\/wp-content\/uploads\/2019\/05\/extraservice_1.jpeg\" class=\"img-responsive wp-image-1623\" srcset=\"https:\/\/vanguardluxuryrentals.com\/wp-content\/uploads\/2019\/05\/extraservice_1-200x133.jpeg 200w, https:\/\/vanguardluxuryrentals.com\/wp-content\/uploads\/2019\/05\/extraservice_1-400x266.jpeg 400w, https:\/\/vanguardluxuryrentals.com\/wp-content\/uploads\/2019\/05\/extraservice_1-600x400.jpeg 600w, https:\/\/vanguardluxuryrentals.com\/wp-content\/uploads\/2019\/05\/extraservice_1-800x533.jpeg 800w, https:\/\/vanguardluxuryrentals.com\/wp-content\/uploads\/2019\/05\/extraservice_1.jpeg 1162w\" sizes=\"(max-width: 1024px) 100vw, 600px\" \/><\/span><\/div><div class=\"fusion-clearfix\"><\/div><\/div><\/div><div class=\"fusion-layout-column fusion_builder_column fusion-builder-column-3 fusion_builder_column_1_2 1_2 fusion-one-half fusion-column-last\" style=\"--awb-bg-size:cover;width:50%;width:calc(50% - ( ( 4% ) * 0.5 ) );\"><div class=\"fusion-column-wrapper fusion-column-has-shadow fusion-flex-column-wrapper-legacy\"><div class=\"fusion-column-content-centered\"><div class=\"fusion-column-content\"><div class=\"fusion-title title fusion-title-2 fusion-sep-none fusion-title-text fusion-title-size-two\" style=\"--awb-text-color:#ca9428;--awb-margin-bottom:30px;--awb-font-size:35px;\"><h2 class=\"fusion-title-heading title-heading-left fusion-responsive-typography-calculated\" style=\"margin:0;font-size:1em;--fontSize:35;line-height:1.5;\">Services de concierge<\/h2><\/div><div class=\"fusion-text fusion-text-2\"><div><span style=\"color: #ffffff;\">Que ce soit pour une r\u00e9servation pour le souper ou des billets de concerts de derni\u00e8re minute, notre \u00e9quipe de concierge s\u2019occupera de vous accommoder durant votre s\u00e9jour en ville sans aucun frais additionnels!<\/span><\/div>\n<\/div><\/div><\/div><div class=\"fusion-clearfix\"><\/div><\/div><\/div><\/div><\/div><div class=\"fusion-fullwidth fullwidth-box fusion-builder-row-3 nonhundred-percent-fullwidth non-hundred-percent-height-scrolling fusion-equal-height-columns\" style=\"--awb-border-radius-top-left:0px;--awb-border-radius-top-right:0px;--awb-border-radius-bottom-right:0px;--awb-border-radius-bottom-left:0px;--awb-margin-bottom:50px;--awb-flex-wrap:wrap;\" ><div class=\"fusion-builder-row fusion-row\"><div class=\"fusion-layout-column fusion_builder_column fusion-builder-column-4 fusion_builder_column_1_2 1_2 fusion-one-half fusion-column-first\" style=\"--awb-bg-size:cover;width:50%;width:calc(50% - ( ( 4% ) * 0.5 ) );margin-right: 4%;\"><div class=\"fusion-column-wrapper fusion-column-has-shadow fusion-flex-column-wrapper-legacy\"><div class=\"fusion-image-element in-legacy-container\" style=\"--awb-caption-title-font-family:var(--h2_typography-font-family);--awb-caption-title-font-weight:var(--h2_typography-font-weight);--awb-caption-title-font-style:var(--h2_typography-font-style);--awb-caption-title-size:var(--h2_typography-font-size);--awb-caption-title-transform:var(--h2_typography-text-transform);--awb-caption-title-line-height:var(--h2_typography-line-height);--awb-caption-title-letter-spacing:var(--h2_typography-letter-spacing);\"><span class=\" fusion-imageframe imageframe-none imageframe-3 hover-type-none\"><img decoding=\"async\" width=\"1382\" height=\"922\" alt=\"extraservice 2\" title=\"extraservice 2\" src=\"http:\/\/vanguardluxuryrentals.com\/wp-content\/uploads\/2019\/05\/extraservice_2.jpeg\" class=\"img-responsive wp-image-1620\" srcset=\"https:\/\/vanguardluxuryrentals.com\/wp-content\/uploads\/2019\/05\/extraservice_2-200x133.jpeg 200w, https:\/\/vanguardluxuryrentals.com\/wp-content\/uploads\/2019\/05\/extraservice_2-400x267.jpeg 400w, https:\/\/vanguardluxuryrentals.com\/wp-content\/uploads\/2019\/05\/extraservice_2-600x400.jpeg 600w, https:\/\/vanguardluxuryrentals.com\/wp-content\/uploads\/2019\/05\/extraservice_2-800x534.jpeg 800w, https:\/\/vanguardluxuryrentals.com\/wp-content\/uploads\/2019\/05\/extraservice_2-1200x801.jpeg 1200w, https:\/\/vanguardluxuryrentals.com\/wp-content\/uploads\/2019\/05\/extraservice_2.jpeg 1382w\" sizes=\"(max-width: 1024px) 100vw, 600px\" \/><\/span><\/div><div class=\"fusion-clearfix\"><\/div><\/div><\/div><div class=\"fusion-layout-column fusion_builder_column fusion-builder-column-5 fusion_builder_column_1_2 1_2 fusion-one-half fusion-column-last\" style=\"--awb-bg-size:cover;width:50%;width:calc(50% - ( ( 4% ) * 0.5 ) );\"><div class=\"fusion-column-wrapper fusion-column-has-shadow fusion-flex-column-wrapper-legacy\"><div class=\"fusion-column-content-centered\"><div class=\"fusion-column-content\"><div class=\"fusion-title title fusion-title-3 fusion-sep-none fusion-title-text fusion-title-size-two\" style=\"--awb-text-color:#ca9428;--awb-margin-bottom:30px;--awb-font-size:35px;\"><h2 class=\"fusion-title-heading title-heading-left fusion-responsive-typography-calculated\" style=\"margin:0;font-size:1em;--fontSize:35;line-height:1.5;\">Enterrement de vie de gar\u00e7ons\/filles et r\u00e9servations de tables de boites de nuits<\/h2><\/div><div class=\"fusion-text fusion-text-3\"><p><span style=\"color: #ffffff;\">\u00cates-vous en ville pour un enterrement de vie de gar\u00e7ons\/filles? Voulez-vous la meilleure table dans le meilleur bar\/lounge de la m\u00e9tropole? Notre \u00e9quipe saura vous aider dans vos r\u00e9servations et demande durant votre s\u00e9jour, et ce, toujours sans frais! Vanguard n\u2019est pas seulement des voitures luxueuse, c\u2019est un mode de vie! Alors oubliez les interminables files d\u2019attente, on s\u2019occupe de vous!<\/span><\/p>\n<\/div><\/div><\/div><div class=\"fusion-clearfix\"><\/div><\/div><\/div><\/div><\/div><div class=\"fusion-fullwidth fullwidth-box fusion-builder-row-4 nonhundred-percent-fullwidth non-hundred-percent-height-scrolling fusion-equal-height-columns\" style=\"--awb-border-radius-top-left:0px;--awb-border-radius-top-right:0px;--awb-border-radius-bottom-right:0px;--awb-border-radius-bottom-left:0px;--awb-margin-bottom:50px;--awb-flex-wrap:wrap;\" ><div class=\"fusion-builder-row fusion-row\"><div class=\"fusion-layout-column fusion_builder_column fusion-builder-column-6 fusion_builder_column_1_2 1_2 fusion-one-half fusion-column-first\" style=\"--awb-bg-size:cover;width:50%;width:calc(50% - ( ( 4% ) * 0.5 ) );margin-right: 4%;\"><div class=\"fusion-column-wrapper fusion-column-has-shadow fusion-flex-column-wrapper-legacy\"><div class=\"fusion-image-element in-legacy-container\" style=\"--awb-caption-title-font-family:var(--h2_typography-font-family);--awb-caption-title-font-weight:var(--h2_typography-font-weight);--awb-caption-title-font-style:var(--h2_typography-font-style);--awb-caption-title-size:var(--h2_typography-font-size);--awb-caption-title-transform:var(--h2_typography-text-transform);--awb-caption-title-line-height:var(--h2_typography-line-height);--awb-caption-title-letter-spacing:var(--h2_typography-letter-spacing);\"><span class=\" fusion-imageframe imageframe-none imageframe-4 hover-type-none\"><img decoding=\"async\" width=\"1234\" height=\"822\" alt=\"extraservice 6\" title=\"extraservice 6\" src=\"http:\/\/vanguardluxuryrentals.com\/wp-content\/uploads\/2019\/05\/extraservice_6.jpeg\" class=\"img-responsive wp-image-522\" srcset=\"https:\/\/vanguardluxuryrentals.com\/wp-content\/uploads\/2019\/05\/extraservice_6-200x133.jpeg 200w, https:\/\/vanguardluxuryrentals.com\/wp-content\/uploads\/2019\/05\/extraservice_6-400x266.jpeg 400w, https:\/\/vanguardluxuryrentals.com\/wp-content\/uploads\/2019\/05\/extraservice_6-600x400.jpeg 600w, https:\/\/vanguardluxuryrentals.com\/wp-content\/uploads\/2019\/05\/extraservice_6-800x533.jpeg 800w, https:\/\/vanguardluxuryrentals.com\/wp-content\/uploads\/2019\/05\/extraservice_6-1200x799.jpeg 1200w, https:\/\/vanguardluxuryrentals.com\/wp-content\/uploads\/2019\/05\/extraservice_6.jpeg 1234w\" sizes=\"(max-width: 1024px) 100vw, 600px\" \/><\/span><\/div><div class=\"fusion-clearfix\"><\/div><\/div><\/div><div class=\"fusion-layout-column fusion_builder_column fusion-builder-column-7 fusion_builder_column_1_2 1_2 fusion-one-half fusion-column-last\" style=\"--awb-bg-size:cover;width:50%;width:calc(50% - ( ( 4% ) * 0.5 ) );\"><div class=\"fusion-column-wrapper fusion-column-has-shadow fusion-flex-column-wrapper-legacy\"><div class=\"fusion-column-content-centered\"><div class=\"fusion-column-content\"><div class=\"fusion-title title fusion-title-4 fusion-sep-none fusion-title-text fusion-title-size-two\" style=\"--awb-text-color:#ca9428;--awb-margin-bottom:30px;--awb-font-size:35px;\"><h2 class=\"fusion-title-heading title-heading-left fusion-responsive-typography-calculated\" style=\"margin:0;font-size:1em;--fontSize:35;line-height:1.5;\">Mariages<\/h2><\/div><div class=\"fusion-text fusion-text-4\"><p><span style=\"color: #ffffff;\">Votre journ\u00e9e tres sp\u00e9ciale s\u2019en vien et vous voulez vous d\u00e9marquer ? Faire changement d\u2019une limousine conventionnelle? N\u2019h\u00e9sitez pas \u00e0 nous contacter! Notre flotte est \u00e0 votre disposition pour une s\u00e9ance photos ou pour le mariage!<br \/>\n<\/span><\/p>\n<\/div><\/div><\/div><div class=\"fusion-clearfix\"><\/div><\/div><\/div><\/div><\/div><div class=\"fusion-fullwidth fullwidth-box fusion-builder-row-5 nonhundred-percent-fullwidth non-hundred-percent-height-scrolling fusion-equal-height-columns\" style=\"--awb-border-radius-top-left:0px;--awb-border-radius-top-right:0px;--awb-border-radius-bottom-right:0px;--awb-border-radius-bottom-left:0px;--awb-margin-bottom:50px;--awb-flex-wrap:wrap;\" ><div class=\"fusion-builder-row fusion-row\"><div class=\"fusion-layout-column fusion_builder_column fusion-builder-column-8 fusion_builder_column_1_2 1_2 fusion-one-half fusion-column-first\" style=\"--awb-bg-size:cover;width:50%;width:calc(50% - ( ( 4% ) * 0.5 ) );margin-right: 4%;\"><div class=\"fusion-column-wrapper fusion-column-has-shadow fusion-flex-column-wrapper-legacy\"><div class=\"fusion-image-element in-legacy-container\" style=\"--awb-caption-title-font-family:var(--h2_typography-font-family);--awb-caption-title-font-weight:var(--h2_typography-font-weight);--awb-caption-title-font-style:var(--h2_typography-font-style);--awb-caption-title-size:var(--h2_typography-font-size);--awb-caption-title-transform:var(--h2_typography-text-transform);--awb-caption-title-line-height:var(--h2_typography-line-height);--awb-caption-title-letter-spacing:var(--h2_typography-letter-spacing);\"><span class=\" fusion-imageframe imageframe-none imageframe-5 hover-type-none\"><img decoding=\"async\" width=\"1018\" height=\"680\" alt=\"extraservice 3\" title=\"extraservice 3\" src=\"http:\/\/vanguardluxuryrentals.com\/wp-content\/uploads\/2019\/05\/extraservice_3.jpeg\" class=\"img-responsive wp-image-974\" srcset=\"https:\/\/vanguardluxuryrentals.com\/wp-content\/uploads\/2019\/05\/extraservice_3-200x134.jpeg 200w, https:\/\/vanguardluxuryrentals.com\/wp-content\/uploads\/2019\/05\/extraservice_3-400x267.jpeg 400w, https:\/\/vanguardluxuryrentals.com\/wp-content\/uploads\/2019\/05\/extraservice_3-600x401.jpeg 600w, https:\/\/vanguardluxuryrentals.com\/wp-content\/uploads\/2019\/05\/extraservice_3-800x534.jpeg 800w, https:\/\/vanguardluxuryrentals.com\/wp-content\/uploads\/2019\/05\/extraservice_3.jpeg 1018w\" sizes=\"(max-width: 1024px) 100vw, 600px\" \/><\/span><\/div><div class=\"fusion-clearfix\"><\/div><\/div><\/div><div class=\"fusion-layout-column fusion_builder_column fusion-builder-column-9 fusion_builder_column_1_2 1_2 fusion-one-half fusion-column-last\" style=\"--awb-bg-size:cover;width:50%;width:calc(50% - ( ( 4% ) * 0.5 ) );\"><div class=\"fusion-column-wrapper fusion-column-has-shadow fusion-flex-column-wrapper-legacy\"><div class=\"fusion-column-content-centered\"><div class=\"fusion-column-content\"><div class=\"fusion-title title fusion-title-5 fusion-sep-none fusion-title-text fusion-title-size-two\" style=\"--awb-text-color:#ca9428;--awb-margin-bottom:30px;--awb-font-size:35px;\"><h2 class=\"fusion-title-heading title-heading-left fusion-responsive-typography-calculated\" style=\"margin:0;font-size:1em;--fontSize:35;line-height:1.5;\">Navettes<\/h2><\/div><div class=\"fusion-text fusion-text-5\"><p><span style=\"color: #ffffff;\">Nos navettes entre l\u2019a\u00e9roport ou la gare centrale et nos bureaux sont sans frais avec toute r\u00e9servation de v\u00e9hicule d\u2019une dur\u00e9e de plus de 7 jours. Vous n\u2019avez qu\u2019\u00e0 vous laisser conduire par l\u2019un de nos courtois chauffeur!<\/span><\/p>\n<\/div><\/div><\/div><div class=\"fusion-clearfix\"><\/div><\/div><\/div><\/div><\/div><div class=\"fusion-fullwidth fullwidth-box fusion-builder-row-6 nonhundred-percent-fullwidth non-hundred-percent-height-scrolling fusion-equal-height-columns\" style=\"--awb-border-radius-top-left:0px;--awb-border-radius-top-right:0px;--awb-border-radius-bottom-right:0px;--awb-border-radius-bottom-left:0px;--awb-margin-bottom:50px;--awb-flex-wrap:wrap;\" ><div class=\"fusion-builder-row fusion-row\"><div class=\"fusion-layout-column fusion_builder_column fusion-builder-column-10 fusion_builder_column_1_2 1_2 fusion-one-half fusion-column-first\" style=\"--awb-bg-size:cover;width:50%;width:calc(50% - ( ( 4% ) * 0.5 ) );margin-right: 4%;\"><div class=\"fusion-column-wrapper fusion-column-has-shadow fusion-flex-column-wrapper-legacy\"><div class=\"fusion-image-element in-legacy-container\" style=\"--awb-caption-title-font-family:var(--h2_typography-font-family);--awb-caption-title-font-weight:var(--h2_typography-font-weight);--awb-caption-title-font-style:var(--h2_typography-font-style);--awb-caption-title-size:var(--h2_typography-font-size);--awb-caption-title-transform:var(--h2_typography-text-transform);--awb-caption-title-line-height:var(--h2_typography-line-height);--awb-caption-title-letter-spacing:var(--h2_typography-letter-spacing);\"><span class=\" fusion-imageframe imageframe-none imageframe-6 hover-type-none\"><img decoding=\"async\" width=\"1382\" height=\"922\" alt=\"extraservice 5\" title=\"extraservice 5\" src=\"http:\/\/vanguardluxuryrentals.com\/wp-content\/uploads\/2019\/05\/extraservice_5.jpeg\" class=\"img-responsive wp-image-1622\" srcset=\"https:\/\/vanguardluxuryrentals.com\/wp-content\/uploads\/2019\/05\/extraservice_5-200x133.jpeg 200w, https:\/\/vanguardluxuryrentals.com\/wp-content\/uploads\/2019\/05\/extraservice_5-400x267.jpeg 400w, https:\/\/vanguardluxuryrentals.com\/wp-content\/uploads\/2019\/05\/extraservice_5-600x400.jpeg 600w, https:\/\/vanguardluxuryrentals.com\/wp-content\/uploads\/2019\/05\/extraservice_5-800x534.jpeg 800w, https:\/\/vanguardluxuryrentals.com\/wp-content\/uploads\/2019\/05\/extraservice_5-1200x801.jpeg 1200w, https:\/\/vanguardluxuryrentals.com\/wp-content\/uploads\/2019\/05\/extraservice_5.jpeg 1382w\" sizes=\"(max-width: 1024px) 100vw, 600px\" \/><\/span><\/div><div class=\"fusion-clearfix\"><\/div><\/div><\/div><div class=\"fusion-layout-column fusion_builder_column fusion-builder-column-11 fusion_builder_column_1_2 1_2 fusion-one-half fusion-column-last\" style=\"--awb-bg-size:cover;width:50%;width:calc(50% - ( ( 4% ) * 0.5 ) );\"><div class=\"fusion-column-wrapper fusion-column-has-shadow fusion-flex-column-wrapper-legacy\"><div class=\"fusion-column-content-centered\"><div class=\"fusion-column-content\"><div class=\"fusion-title title fusion-title-6 fusion-sep-none fusion-title-text fusion-title-size-two\" style=\"--awb-text-color:#ca9428;--awb-margin-bottom:30px;--awb-font-size:35px;\"><h2 class=\"fusion-title-heading title-heading-left fusion-responsive-typography-calculated\" style=\"margin:0;font-size:1em;--fontSize:35;line-height:1.5;\">Service de chauffeur<\/h2><\/div><div class=\"fusion-text fusion-text-6\"><p><span style=\"color: #ffffff;\">Le traffic sur l\u2019\u00eele de Montr\u00e9al peut \u00eatre chaotique et stressant. Optez pour nos services de chauffeur et profitez de votre s\u00e9jour sans vous soucier de conduire ou stationner le v\u00e9hicule.<\/span><\/p>\n<p><span style=\"color: #ffffff;\">Envoyez nous chercher vos clients VIP \u00e0 l\u2019a\u00e9roport ou l\u2019h\u00f4tel. On peut m\u00eame les amener faire les magasins!<\/span><\/p>\n<p><span style=\"color: #ffffff;\">Contactez-nous pour une soumission!<\/span><\/p>\n<\/div><\/div><\/div><div class=\"fusion-clearfix\"><\/div><\/div><\/div><\/div><\/div><\/p>\n","protected":false},"excerpt":{"rendered":"","protected":false},"author":2,"featured_media":0,"parent":0,"menu_order":0,"comment_status":"closed","ping_status":"closed","template":"","meta":{"_acf_changed":false,"om_disable_all_campaigns":false,"_monsterinsights_skip_tracking":false,"_monsterinsights_sitenote_active":false,"_monsterinsights_sitenote_note":"","_monsterinsights_sitenote_category":0,"footnotes":""},"class_list":["post-521","page","type-page","status-publish","hentry"],"acf":[],"aioseo_notices":[],"_links":{"self":[{"href":"https:\/\/vanguardluxuryrentals.com\/fr\/wp-json\/wp\/v2\/pages\/521","targetHints":{"allow":["GET"]}}],"collection":[{"href":"https:\/\/vanguardluxuryrentals.com\/fr\/wp-json\/wp\/v2\/pages"}],"about":[{"href":"https:\/\/vanguardluxuryrentals.com\/fr\/wp-json\/wp\/v2\/types\/page"}],"author":[{"embeddable":true,"href":"https:\/\/vanguardluxuryrentals.com\/fr\/wp-json\/wp\/v2\/users\/2"}],"replies":[{"embeddable":true,"href":"https:\/\/vanguardluxuryrentals.com\/fr\/wp-json\/wp\/v2\/comments?post=521"}],"version-history":[{"count":10,"href":"https:\/\/vanguardluxuryrentals.com\/fr\/wp-json\/wp\/v2\/pages\/521\/revisions"}],"predecessor-version":[{"id":4202,"href":"https:\/\/vanguardluxuryrentals.com\/fr\/wp-json\/wp\/v2\/pages\/521\/revisions\/4202"}],"wp:attachment":[{"href":"https:\/\/vanguardluxuryrentals.com\/fr\/wp-json\/wp\/v2\/media?parent=521"}],"curies":[{"name":"wp","href":"https:\/\/api.w.org\/{rel}","templated":true}]}}