{"id":532,"date":"2019-05-17T16:24:11","date_gmt":"2019-05-17T16:24:11","guid":{"rendered":"https:\/\/vanguardluxuryrentals.com\/about-us\/"},"modified":"2020-11-11T21:55:39","modified_gmt":"2020-11-12T02:55:39","slug":"a-propos","status":"publish","type":"page","link":"https:\/\/vanguardluxuryrentals.com\/fr\/a-propos\/","title":{"rendered":"\u00c0 propos"},"content":{"rendered":"<div class=\"fusion-fullwidth fullwidth-box fusion-builder-row-1 hundred-percent-fullwidth non-hundred-percent-height-scrolling fusion-equal-height-columns\" style=\"--awb-background-position:right bottom;--awb-border-radius-top-left:0px;--awb-border-radius-top-right:0px;--awb-border-radius-bottom-right:0px;--awb-border-radius-bottom-left:0px;--awb-padding-right:0px;--awb-padding-left:0px;--awb-background-color:#000000;--awb-flex-wrap:wrap;\" ><div class=\"fusion-builder-row fusion-row\"><div class=\"fusion-layout-column fusion_builder_column fusion-builder-column-0 fusion_builder_column_1_2 1_2 fusion-one-half fusion-column-first fusion-animated\" style=\"--awb-padding-top:30px;--awb-padding-right:50px;--awb-padding-bottom:30px;--awb-padding-left:50px;--awb-bg-size:cover;width:50%;width:calc(50% - ( ( 0px ) * 0.5 ) );margin-right: 0px;\" data-animationType=\"fadeInLeft\" data-animationDuration=\"1.0\" data-animationOffset=\"top-into-view\"><div class=\"fusion-column-wrapper fusion-column-has-shadow fusion-flex-column-wrapper-legacy\"><div class=\"fusion-column-content-centered\"><div class=\"fusion-column-content\"><div class=\"fusion-title title fusion-title-1 fusion-sep-none fusion-title-text fusion-title-size-three\" style=\"--awb-text-color:#ffffff;--awb-margin-bottom:0px;--awb-margin-bottom-small:0px;--awb-sep-color:#ca9428;--awb-font-size:18px;\"><h3 class=\"fusion-title-heading title-heading-left fusion-responsive-typography-calculated\" style=\"margin:0;font-size:1em;--fontSize:18;--minFontSize:18;line-height:1.5;\">Pourquoi louer chez Vanguard?<\/h3><\/div><div class=\"fusion-title title fusion-title-2 fusion-sep-none fusion-title-text fusion-title-size-three\" style=\"--awb-text-color:#ca9428;--awb-margin-bottom:0px;--awb-margin-bottom-small:0px;--awb-sep-color:#ca9428;--awb-font-size:35px;\"><h3 class=\"fusion-title-heading title-heading-left fusion-responsive-typography-calculated\" style=\"margin:0;font-size:1em;--fontSize:35;line-height:1.5;\">NOUS NE SOMMES PAS QU\u2019UN SERVICE DE LOCATION<\/h3><\/div><div class=\"fusion-sep-clear\"><\/div><div class=\"fusion-separator fusion-clearfix\" style=\"float:left;margin-top:20px;margin-bottom:20px;width:100%;max-width:10%;\"><div class=\"fusion-separator-border sep-single sep-solid\" style=\"--awb-height:20px;--awb-amount:20px;--awb-sep-color:#ca9428;border-color:#ca9428;border-top-width:2px;\"><\/div><\/div><div class=\"fusion-sep-clear\"><\/div><div class=\"fusion-text fusion-text-1\"><p><span style=\"font-weight: 400; color: #ffffff;\">Vanguard Luxury Rentals, c\u2019est bien plus qu\u2019un simple service de location. C\u2019est une marque qui se fait une v\u00e9ritable fiert\u00e9 de ne fournir \u00e0 ses clients que le meilleur des services.<\/span><\/p>\n<p><span style=\"font-weight: 400; color: #ffffff;\">Montr\u00e9al est une ville o\u00f9 artistes, athl\u00e8tes, gens d\u2019affaires et stars de cin\u00e9ma ont besoin de briller de mille feux. Afin de vous aider \u00e0 r\u00e9aliser vos objectifs d\u2019affaires, ou simplement \u00e0 vous promener en ville, nous offrons une grande vari\u00e9t\u00e9 de v\u00e9hicules de luxe qui conviennent \u00e0 tous les styles et \u00e0 toutes les humeurs. Que ce soit pour un soir de gala, une importante r\u00e9union d\u2019affaires ou un mariage sp\u00e9cial, nous avons ce qu\u2019il vous faut!<\/span><\/p>\n<p><span style=\"font-weight: 400; color: #ffffff;\">Nous offrons \u00e9galement un service de conciergerie afin de satisfaire tous vos besoins, du magasinage au d\u00eener en t\u00eate \u00e0 t\u00eate, en passant par l\u2019enterrement de vie de gar\u00e7on et la vie nocturne urbaine.<\/span><\/p>\n<p><span style=\"font-weight: 400; color: #ffffff;\">En bref, Vanguard est le concessionnaire \u00e0 guichet unique id\u00e9al pour faire l\u2019exp\u00e9rience d\u2019un style de vie luxueux et d\u00e9cadent \u00e0 Montr\u00e9al! R\u00e9servez simplement l\u2019un de nos services et profitez pleinement de votre journ\u00e9e!<\/span><\/p>\n<\/div><\/div><\/div><div class=\"fusion-clearfix\"><\/div><\/div><\/div><div class=\"fusion-layout-column fusion_builder_column fusion-builder-column-1 fusion_builder_column_1_2 1_2 fusion-one-half fusion-column-last fusion-animated\" style=\"--awb-bg-size:cover;--awb-margin-bottom:0px;width:50%;width:calc(50% - ( ( 0px ) * 0.5 ) );\" data-animationType=\"fadeInLeft\" data-animationDuration=\"1.0\" data-animationOffset=\"top-into-view\"><div class=\"fusion-column-wrapper fusion-column-has-shadow fusion-flex-column-wrapper-legacy\"><div class=\"fusion-column-content-centered\"><div class=\"fusion-column-content\"><div class=\"fusion-image-element in-legacy-container\" style=\"--awb-caption-title-font-family:var(--h2_typography-font-family);--awb-caption-title-font-weight:var(--h2_typography-font-weight);--awb-caption-title-font-style:var(--h2_typography-font-style);--awb-caption-title-size:var(--h2_typography-font-size);--awb-caption-title-transform:var(--h2_typography-text-transform);--awb-caption-title-line-height:var(--h2_typography-line-height);--awb-caption-title-letter-spacing:var(--h2_typography-letter-spacing);\"><span class=\" fusion-imageframe imageframe-none imageframe-1 hover-type-none\"><img decoding=\"async\" width=\"2000\" height=\"1125\" alt=\"BEN00452\" title=\"BEN00452\" src=\"http:\/\/vanguardluxuryrentals.com\/wp-content\/uploads\/2019\/05\/BEN00452.jpg\" class=\"img-responsive wp-image-514\" srcset=\"https:\/\/vanguardluxuryrentals.com\/wp-content\/uploads\/2019\/05\/BEN00452-200x113.jpg 200w, https:\/\/vanguardluxuryrentals.com\/wp-content\/uploads\/2019\/05\/BEN00452-400x225.jpg 400w, https:\/\/vanguardluxuryrentals.com\/wp-content\/uploads\/2019\/05\/BEN00452-600x338.jpg 600w, https:\/\/vanguardluxuryrentals.com\/wp-content\/uploads\/2019\/05\/BEN00452-800x450.jpg 800w, https:\/\/vanguardluxuryrentals.com\/wp-content\/uploads\/2019\/05\/BEN00452-1200x675.jpg 1200w, https:\/\/vanguardluxuryrentals.com\/wp-content\/uploads\/2019\/05\/BEN00452.jpg 2000w\" sizes=\"(max-width: 1024px) 100vw, 800px\" \/><\/span><\/div><\/div><\/div><div class=\"fusion-clearfix\"><\/div><\/div><\/div><\/div><\/div>\n","protected":false},"excerpt":{"rendered":"","protected":false},"author":2,"featured_media":0,"parent":0,"menu_order":0,"comment_status":"closed","ping_status":"closed","template":"100-width.php","meta":{"_acf_changed":false,"om_disable_all_campaigns":false,"_monsterinsights_skip_tracking":false,"_monsterinsights_sitenote_active":false,"_monsterinsights_sitenote_note":"","_monsterinsights_sitenote_category":0,"footnotes":""},"class_list":["post-532","page","type-page","status-publish","hentry"],"acf":[],"aioseo_notices":[],"_links":{"self":[{"href":"https:\/\/vanguardluxuryrentals.com\/fr\/wp-json\/wp\/v2\/pages\/532","targetHints":{"allow":["GET"]}}],"collection":[{"href":"https:\/\/vanguardluxuryrentals.com\/fr\/wp-json\/wp\/v2\/pages"}],"about":[{"href":"https:\/\/vanguardluxuryrentals.com\/fr\/wp-json\/wp\/v2\/types\/page"}],"author":[{"embeddable":true,"href":"https:\/\/vanguardluxuryrentals.com\/fr\/wp-json\/wp\/v2\/users\/2"}],"replies":[{"embeddable":true,"href":"https:\/\/vanguardluxuryrentals.com\/fr\/wp-json\/wp\/v2\/comments?post=532"}],"version-history":[{"count":5,"href":"https:\/\/vanguardluxuryrentals.com\/fr\/wp-json\/wp\/v2\/pages\/532\/revisions"}],"predecessor-version":[{"id":6483,"href":"https:\/\/vanguardluxuryrentals.com\/fr\/wp-json\/wp\/v2\/pages\/532\/revisions\/6483"}],"wp:attachment":[{"href":"https:\/\/vanguardluxuryrentals.com\/fr\/wp-json\/wp\/v2\/media?parent=532"}],"curies":[{"name":"wp","href":"https:\/\/api.w.org\/{rel}","templated":true}]}}